{"id":1409,"date":"2024-03-20T15:25:46","date_gmt":"2024-03-20T14:25:46","guid":{"rendered":"https:\/\/praxisadolphmissler.de\/?page_id=1409"},"modified":"2024-04-23T01:27:01","modified_gmt":"2024-04-22T23:27:01","slug":"impressum","status":"publish","type":"page","link":"https:\/\/praxisadolphmissler.de\/index.php\/impressum\/","title":{"rendered":"Impressum"},"content":{"rendered":"<div class=\"wpb-content-wrapper\"><p>[vc_row full_width=&#8220;stretch_row&#8220; css=&#8220;.vc_custom_1711734423408{padding-top: 80px !important;padding-bottom: 80px !important;background-color: #f5f5f5 !important;}&#8220;][vc_column][vc_column_text css=&#8220;&#8220;]<\/p>\n<h1>Impressum<\/h1>\n<p>&nbsp;<\/p>\n<p><strong>Verantwortlich f\u00fcr den Inhalt:<\/strong><\/p>\n<p>Egbert Thorsten Adolph und Martin Mi\u00dfler<\/p>\n<p>Gemeinschaftspraxis f\u00fcr Allgemeinmedizin und Innere Medizin<br \/>\nWilhelmstra\u00dfe 14-16<br \/>\n66793 Saarwellingen<\/p>\n<p>Telefon: 068382348<br \/>\nTelefax: 0683882727<\/p>\n<p>E-Mail: <a href=\"mailto:info@praxisadolphmissler.de\" target=\"_blank\" rel=\"noopener noreferrer\">info@praxisadolphmissler.de<\/a><\/p>\n<p>Internet: <a href=\"http:\/\/www.praxisadolphmissler.de\/\" target=\"_blank\" rel=\"noopener noreferrer\">www.praxisadolphmissler.de<\/a><\/p>\n<p>&nbsp;<\/p>\n<p>Egbert Thorsten Adolph: Facharzt f\u00fcr Allgemeinmedizin, Zusaztbezeichnung: Manuelle Medizin\/Chirotherapie<br \/>\nApprobation verliehen durch das Ministerium f\u00fcr Soziales, Gesundheit, Frauen und Familie des Saarlandes\/Deutschland<\/p>\n<p>Martin Mi\u00dfler: Facharzt f\u00fcr Innere Medizin, Zusaztbezeichnung: Notfallmedizin, Sportmedizin<br \/>\nApprobation verliehen durch das Ministerium f\u00fcr Soziales, Gesundheit, Frauen und Familie des Saarlandes\/Deutschland<\/p>\n<p>&nbsp;<\/p>\n<p><strong>Kammerzugeh\u00f6rigkeit:<\/strong> Saarl\u00e4ndische \u00c4rztekammer<br \/>\n<a href=\"https:\/\/www.aerztekammer-saarland.de\/\" target=\"_blank\" rel=\"noopener noreferrer\">https:\/\/www.aerztekammer-saarland.de\/<\/a><\/p>\n<p>&nbsp;<\/p>\n<p><strong>Aufsichtsbeh\u00f6rde f\u00fcr vertrags\u00e4rztliche T\u00e4tigkeiten:<\/strong> Kassen\u00e4rztliche Vereinigung des Saarlandes<br \/>\n<a href=\"https:\/\/www.kvsaarland.de\/\" target=\"_blank\" rel=\"noopener noreferrer\">https:\/\/www.kvsaarland.de\/<\/a><\/p>\n<p>&nbsp;<\/p>\n<p><strong>Geltendes Berufsrecht:<\/strong> Berufsordnung der \u00c4rztekammer des Saarlandes<br \/>\n<a href=\"https:\/\/www.aerztekammer-saarland.de\/aerzte\/arzt-und-recht\/berufsrecht\/\" target=\"_blank\" rel=\"noopener noreferrer\">https:\/\/www.aerztekammer-saarland.de\/aerzte\/arzt-und-recht\/berufsrecht\/<\/a><\/p>\n<p>Geb\u00fchrenordnug f\u00fcr \u00c4rzte<\/p>\n<p>&nbsp;<\/p>\n<p><strong>Schlichtungsstelle:<\/strong> \u00c4rztekammer des Saarlandes<\/p>\n<p>&nbsp;<\/p>\n<p><strong>Berufshaftpflichtversicherung: <\/strong><\/p>\n<p>Versicherungskammer Bayern<br \/>\nMaximilianstra\u00dfe 53<br \/>\n80530 M\u00fcnchen<\/p>\n<p>&nbsp;<\/p>\n<p><strong>Bildrechte: <\/strong>Kai Mischner Photography, Hockenheim<\/p>\n<p>&nbsp;<\/p>\n<p><strong>Website: <\/strong><a href=\"http:\/\/www.hedora.de\" target=\"_blank\" rel=\"noopener\">hedora*<\/a>[\/vc_column_text][\/vc_column][\/vc_row]<\/p>\n<\/div>","protected":false},"excerpt":{"rendered":"<p>[vc_row full_width=&#8220;stretch_row&#8220; css=&#8220;.vc_custom_1711734423408{padding-top: 80px !important;padding-bottom: 80px !important;background-color: #f5f5f5 !important;}&#8220;][vc_column][vc_column_text css=&#8220;&#8220;] Impressum &nbsp; Verantwortlich f\u00fcr den Inhalt: Egbert Thorsten Adolph und Martin Mi\u00dfler Gemeinschaftspraxis f\u00fcr Allgemeinmedizin und Innere Medizin Wilhelmstra\u00dfe 14-16 66793 Saarwellingen Telefon: 068382348 Telefax: 0683882727 E-Mail: info@praxisadolphmissler.de Internet: www.praxisadolphmissler.de &nbsp; Egbert Thorsten Adolph: Facharzt f\u00fcr Allgemeinmedizin, Zusaztbezeichnung: Manuelle Medizin\/Chirotherapie Approbation verliehen durch das Ministerium&hellip;<\/p>\n","protected":false},"author":1,"featured_media":0,"parent":0,"menu_order":3,"comment_status":"closed","ping_status":"closed","template":"","meta":{"footnotes":""},"class_list":["post-1409","page","type-page","status-publish","hentry","description-off"],"_links":{"self":[{"href":"https:\/\/praxisadolphmissler.de\/index.php\/wp-json\/wp\/v2\/pages\/1409","targetHints":{"allow":["GET"]}}],"collection":[{"href":"https:\/\/praxisadolphmissler.de\/index.php\/wp-json\/wp\/v2\/pages"}],"about":[{"href":"https:\/\/praxisadolphmissler.de\/index.php\/wp-json\/wp\/v2\/types\/page"}],"author":[{"embeddable":true,"href":"https:\/\/praxisadolphmissler.de\/index.php\/wp-json\/wp\/v2\/users\/1"}],"replies":[{"embeddable":true,"href":"https:\/\/praxisadolphmissler.de\/index.php\/wp-json\/wp\/v2\/comments?post=1409"}],"version-history":[{"count":8,"href":"https:\/\/praxisadolphmissler.de\/index.php\/wp-json\/wp\/v2\/pages\/1409\/revisions"}],"predecessor-version":[{"id":1730,"href":"https:\/\/praxisadolphmissler.de\/index.php\/wp-json\/wp\/v2\/pages\/1409\/revisions\/1730"}],"wp:attachment":[{"href":"https:\/\/praxisadolphmissler.de\/index.php\/wp-json\/wp\/v2\/media?parent=1409"}],"curies":[{"name":"wp","href":"https:\/\/api.w.org\/{rel}","templated":true}]}}